{"id":2,"date":"2016-07-30T15:43:45","date_gmt":"2016-07-30T13:43:45","guid":{"rendered":"http:\/\/bridgeless.net\/wordpress\/?page_id=2"},"modified":"2017-08-14T15:47:20","modified_gmt":"2017-08-14T13:47:20","slug":"beispiel-seite","status":"publish","type":"page","link":"https:\/\/bridgeless.net\/wordpress\/","title":{"rendered":"Startseite"},"content":{"rendered":"<p style=\"text-align: left;\"><div class=\"su-row\">\n<div class=\"su-column su-column-size-2-3\"><div class=\"su-column-inner su-u-clearfix su-u-trim\"><img loading=\"lazy\" decoding=\"async\" class=\"alignleft wp-image-166 size-full\" src=\"https:\/\/bridgeless.net\/wordpress\/wp-content\/uploads\/2016\/08\/Bildspacer_transparent.png\" alt=\"Bildspacer_transparent\" width=\"611\" height=\"400\" srcset=\"https:\/\/bridgeless.net\/wordpress\/wp-content\/uploads\/2016\/08\/Bildspacer_transparent.png 611w, https:\/\/bridgeless.net\/wordpress\/wp-content\/uploads\/2016\/08\/Bildspacer_transparent-300x196.png 300w\" sizes=\"auto, (max-width: 611px) 100vw, 611px\" \/><\/div><\/div><div class=\"su-column su-column-size-1-3\"><div class=\"su-column-inner su-u-clearfix su-u-trim\"><div class=\"su-accordion su-u-trim\"><div class=\"su-spoiler su-spoiler-style-simple su-spoiler-icon-plus\" data-scroll-offset=\"0\" data-anchor-in-url=\"no\"><div class=\"su-spoiler-title\" tabindex=\"0\" role=\"button\"><span class=\"su-spoiler-icon\"><\/span>&gt; Zigaboogaloo<\/div><div class=\"su-spoiler-content su-u-clearfix su-u-trim\"><div class=\"su-youtube su-u-responsive-media-yes\"><iframe loading=\"lazy\" width=\"200\" height=\"200\" src=\"https:\/\/www.youtube.com\/embed\/sBVPVTu7Ljw?autohide=0&amp;autoplay=0&amp;mute=0&amp;controls=1&amp;fs=1&amp;loop=0&amp;modestbranding=0&amp;rel=0&amp;showinfo=0&amp;theme=light&amp;wmode=&amp;playsinline=0\" frameborder=\"0\" allowfullscreen allow=\"autoplay; encrypted-media; picture-in-picture\" title=\"\"><\/iframe><\/div><\/div><\/div><div class=\"su-spoiler su-spoiler-style-simple su-spoiler-icon-plus su-spoiler-closed\" data-scroll-offset=\"0\" data-anchor-in-url=\"no\"><div class=\"su-spoiler-title\" tabindex=\"0\" role=\"button\"><span class=\"su-spoiler-icon\"><\/span>&gt; Moanin<\/div><div class=\"su-spoiler-content su-u-clearfix su-u-trim\"><div class=\"su-youtube su-u-responsive-media-yes\"><iframe loading=\"lazy\" width=\"200\" height=\"200\" src=\"https:\/\/www.youtube.com\/embed\/5GeSZLiAe_Y?autohide=0&amp;autoplay=0&amp;mute=0&amp;controls=1&amp;fs=1&amp;loop=0&amp;modestbranding=0&amp;rel=0&amp;showinfo=0&amp;theme=light&amp;wmode=&amp;playsinline=0\" frameborder=\"0\" allowfullscreen allow=\"autoplay; encrypted-media; picture-in-picture\" title=\"\"><\/iframe><\/div><\/div><\/div><div class=\"su-spoiler su-spoiler-style-simple su-spoiler-icon-plus su-spoiler-closed\" data-scroll-offset=\"0\" data-anchor-in-url=\"no\"><div class=\"su-spoiler-title\" tabindex=\"0\" role=\"button\"><span class=\"su-spoiler-icon\"><\/span>&gt; Mercy, Mercy, Mercy<\/div><div class=\"su-spoiler-content su-u-clearfix su-u-trim\"><div class=\"su-youtube su-u-responsive-media-yes\"><iframe loading=\"lazy\" width=\"200\" height=\"200\" src=\"https:\/\/www.youtube.com\/embed\/WA3nGqfFhNk?autohide=0&amp;autoplay=0&amp;mute=0&amp;controls=1&amp;fs=1&amp;loop=0&amp;modestbranding=0&amp;rel=0&amp;showinfo=0&amp;theme=light&amp;wmode=&amp;playsinline=0\" frameborder=\"0\" allowfullscreen allow=\"autoplay; encrypted-media; picture-in-picture\" title=\"\"><\/iframe><\/div><\/div><\/div><div class=\"su-spoiler su-spoiler-style-simple su-spoiler-icon-plus su-spoiler-closed\" data-scroll-offset=\"0\" data-anchor-in-url=\"no\"><div class=\"su-spoiler-title\" tabindex=\"0\" role=\"button\"><span class=\"su-spoiler-icon\"><\/span>&gt; Little shoes<\/div><div class=\"su-spoiler-content su-u-clearfix su-u-trim\"><div class=\"su-youtube su-u-responsive-media-yes\"><iframe loading=\"lazy\" width=\"200\" height=\"200\" src=\"https:\/\/www.youtube.com\/embed\/VM3WXKt-SYA?autohide=0&amp;autoplay=0&amp;mute=0&amp;controls=1&amp;fs=1&amp;loop=0&amp;modestbranding=0&amp;rel=0&amp;showinfo=0&amp;theme=light&amp;wmode=&amp;playsinline=0\" frameborder=\"0\" allowfullscreen allow=\"autoplay; encrypted-media; picture-in-picture\" title=\"\"><\/iframe><\/div><\/div><\/div><\/div><\/div><\/div><\/div>\n<div class=\"su-column su-column-size-2-3\"><div class=\"su-column-inner su-u-clearfix su-u-trim\">\n<div class=\"content-box\">\n<h1><\/h1>\n<p>Bridgeless wurde Anfang 2011 als Sextett gegr\u00fcndet. Von Anfang an war klar, dass die Bandmitglieder unverkrampften Jazz machen wollen, der Spass macht. Die musikalischen Einfl\u00fcsse der Musiker f\u00fchrten dazu, dass ein Genremix aus Swing-, Funk- und Latin-Jazz entstand. Die urspr\u00fcngliche Besetzung aus Saxofon, Trompete, Piano, Bass, Schlagzeug und Percussion wird heute durch Gitarre und Gesang erg\u00e4nzt. Dadurch wird Bridgeless mit weiteren musikalischen Einfl\u00fcssen aus Fusion und Soul bereichert.<\/p>\n<p>Von \u201eAgua de Beber\u201c bis \u201eZigaboogaloo\u201c bietet Bridgeles ein breites musikalisches Spektrum, das die vielf\u00e4ltigen Interessen der Musiker und den grenzenlosen Reichtum des Jazz repr\u00e4sentiert.<\/p>\n<p style=\"text-align: left;\"><\/div><\/div>\n<\/div>\n","protected":false},"excerpt":{"rendered":"","protected":false},"author":1,"featured_media":0,"parent":0,"menu_order":0,"comment_status":"closed","ping_status":"open","template":"page-templates\/front-page.php","meta":{"footnotes":""},"class_list":["post-2","page","type-page","status-publish","hentry"],"_links":{"self":[{"href":"https:\/\/bridgeless.net\/wordpress\/index.php?rest_route=\/wp\/v2\/pages\/2","targetHints":{"allow":["GET"]}}],"collection":[{"href":"https:\/\/bridgeless.net\/wordpress\/index.php?rest_route=\/wp\/v2\/pages"}],"about":[{"href":"https:\/\/bridgeless.net\/wordpress\/index.php?rest_route=\/wp\/v2\/types\/page"}],"author":[{"embeddable":true,"href":"https:\/\/bridgeless.net\/wordpress\/index.php?rest_route=\/wp\/v2\/users\/1"}],"replies":[{"embeddable":true,"href":"https:\/\/bridgeless.net\/wordpress\/index.php?rest_route=%2Fwp%2Fv2%2Fcomments&post=2"}],"version-history":[{"count":110,"href":"https:\/\/bridgeless.net\/wordpress\/index.php?rest_route=\/wp\/v2\/pages\/2\/revisions"}],"predecessor-version":[{"id":323,"href":"https:\/\/bridgeless.net\/wordpress\/index.php?rest_route=\/wp\/v2\/pages\/2\/revisions\/323"}],"wp:attachment":[{"href":"https:\/\/bridgeless.net\/wordpress\/index.php?rest_route=%2Fwp%2Fv2%2Fmedia&parent=2"}],"curies":[{"name":"wp","href":"https:\/\/api.w.org\/{rel}","templated":true}]}}