{"id":14,"date":"2016-07-31T09:50:50","date_gmt":"2016-07-31T07:50:50","guid":{"rendered":"http:\/\/bridgeless.net\/wordpress\/?page_id=14"},"modified":"2018-12-12T14:30:36","modified_gmt":"2018-12-12T13:30:36","slug":"musiker","status":"publish","type":"page","link":"https:\/\/bridgeless.net\/wordpress\/?page_id=14","title":{"rendered":"Musiker"},"content":{"rendered":"<p><img loading=\"lazy\" decoding=\"async\" class=\"aligncenter wp-image-173 size-full\" src=\"https:\/\/bridgeless.net\/wordpress\/wp-content\/uploads\/2016\/08\/Bildspacer_transparent_960x120.png\" alt=\"Bildspacer_transparent_960x120\" width=\"960\" height=\"120\" srcset=\"https:\/\/bridgeless.net\/wordpress\/wp-content\/uploads\/2016\/08\/Bildspacer_transparent_960x120.png 960w, https:\/\/bridgeless.net\/wordpress\/wp-content\/uploads\/2016\/08\/Bildspacer_transparent_960x120-300x38.png 300w, https:\/\/bridgeless.net\/wordpress\/wp-content\/uploads\/2016\/08\/Bildspacer_transparent_960x120-768x96.png 768w, https:\/\/bridgeless.net\/wordpress\/wp-content\/uploads\/2016\/08\/Bildspacer_transparent_960x120-624x78.png 624w\" sizes=\"auto, (max-width: 960px) 100vw, 960px\" \/><\/p>\n<div class=\"content-box\"><div class=\"su-row\">\n<div class=\"su-column su-column-size-1-2\"><div class=\"su-column-inner su-u-clearfix su-u-trim\"><img loading=\"lazy\" decoding=\"async\" class=\"size-full wp-image-203 alignleft\" src=\"https:\/\/bridgeless.net\/wordpress\/wp-content\/uploads\/2016\/09\/Bass.jpg\" alt=\"Bass\" width=\"150\" height=\"150\" \/><strong>Ralf Langen &#8211; Bass<\/strong><br \/>\nRalf spielt Bass seit 1984. Von 1989 bis 1990 in der Funk-Jazz-Formation No Mystery. Private Studien im Jazz seit 1998. Seit 2002 Teilnahme an lokale Jazz-Sessions in D, MG, KR. Seit 2003 Jazzpack-Cologne (Real Book-Jazz und Soul). Inspirierende Bassisten: Anthony Jackson, Jaco Pastorius, Stanley Clarke, Jimmy Johnson, Gary Willis, Markus Miller usw.<\/div><\/div><div class=\"su-column su-column-size-1-2\"><div class=\"su-column-inner su-u-clearfix su-u-trim\">\n<img loading=\"lazy\" decoding=\"async\" class=\"size-full wp-image-208 alignleft\" src=\"https:\/\/bridgeless.net\/wordpress\/wp-content\/uploads\/2016\/09\/Mic.jpg\" alt=\"Mic\" width=\"150\" height=\"150\" \/><strong>Sonja LaVoice &#8211; Gesang<\/strong><br \/>\nGeboren und aufgewachsen auf der Insel Montserrat, nach vielen Jahren in den USA jetzt lebend in Deutschland, ist Sonja LaVoice eine K\u00fcnstlerin deren Leidenschaft f\u00fcr Musik sie \u00fcberall hin begleitet. \u00a0Als eine S\u00e4ngerin in Ch\u00f6ren, Musicals und einigen Bands ist die B\u00fchne Sonja nicht fremd und h\u00e4lt weiter die Herzen der Zuh\u00f6rer mit ihrer souligen Stimme in verschiedenen Genres wie Rock, Pop, R&amp;B, Big Band, Soul, Funk, &amp; Jazz gefangen.<br \/>\n<\/div><\/div><\/div><div class=\"su-row\">\n<div class=\"su-column su-column-size-1-2\"><div class=\"su-column-inner su-u-clearfix su-u-trim\"><img loading=\"lazy\" decoding=\"async\" class=\"size-full wp-image-206 alignleft\" src=\"https:\/\/bridgeless.net\/wordpress\/wp-content\/uploads\/2016\/09\/Guitar.jpg\" alt=\"Guitar\" width=\"150\" height=\"150\" \/><strong>Gerd Strasdas &#8211; Gitarre<\/strong><br \/>\nGerd Strasdas hat im zarten Alter von 12 Jahren seine Liebe zum Gitarrenspiel entdeckt und sich autodidaktisch auf der E-Gitarre die Musik seiner Gitarren-Helden beigebracht. Beeinflusst durch Rock- und Bluesmusik entwickelte er sein Gitarrenspiel und trat schon bald, zuerst mit\u00a0Sch\u00fclerbands, und sp\u00e4ter mit semi-professionellen Bands im Raum M\u00f6nchengladbach auf. Ab\u00a01989 studierte er Jazzgitarre am MGI K\u00f6ln, an der Hogeschool voor de Kunsten Arnhem und der Folkwang-Hochschule Essen, an der er 1997 seinen k\u00fcnstlerischen Diplomabschluss machte. Seit dem unterrichtet er privat und an verschiedenen Musikschulen und spielt in unterschiedlichsten Bands von Rock\/Pop bis Jazz.<\/div><\/div>\n<div class=\"su-column su-column-size-1-2\"><div class=\"su-column-inner su-u-clearfix su-u-trim\"><img loading=\"lazy\" decoding=\"async\" class=\"size-full wp-image-207 alignleft\" src=\"https:\/\/bridgeless.net\/wordpress\/wp-content\/uploads\/2016\/09\/Keyboard.jpg\" alt=\"Keyboard\" width=\"150\" height=\"150\" \/><strong>Peter Nord &#8211; Keyboard<\/strong> <\/div><\/div>\n<\/div><div class=\"su-row\">\n<div class=\"su-column su-column-size-1-2\"><div class=\"su-column-inner su-u-clearfix su-u-trim\"><img loading=\"lazy\" decoding=\"async\" class=\"size-full wp-image-204 alignleft\" src=\"https:\/\/bridgeless.net\/wordpress\/wp-content\/uploads\/2016\/09\/Conga.jpg\" alt=\"Conga\" width=\"150\" height=\"150\" \/><strong>Heribert G\u00f6tzen &#8211; Percussion<\/strong><br \/>\nHat mit 14 Jahren angefangen auf Congas zu spielen. Banderfahrung in einer Jazz-Rock-Formation \u00fcber mehrere Jahre.\u00a0Mit 18 Jahren Unterricht bei Steve Boston.\u00a0Lange pausiert. Seit 2001 wieder dabei mit Schwerpunkt\u00a0Conga. Von 2001 bis 2011 Unterricht bei Daniel Bazanta. Immer wieder Unterrichtsphasen bei diversen Percussionisten.\u00a0Workshops bei John Santos, Los Papines, Milian Gali sowie Jazzband-Workshops in Hilden und Aachen.\u00a0Seit 2011 als Gr\u00fcndungsmitglied bei Bridgeless.<br \/>\n<\/div><\/div>\n<div class=\"su-column su-column-size-1-2\"><div class=\"su-column-inner su-u-clearfix su-u-trim\"><strong>Erwan Cobigo &#8211; Saxophon<\/strong><img loading=\"lazy\" decoding=\"async\" class=\"size-full wp-image-209 alignleft\" src=\"https:\/\/bridgeless.net\/wordpress\/wp-content\/uploads\/2016\/09\/Sax.jpg\" alt=\"Sax\" width=\"150\" height=\"150\" \/><br \/>\nErwann ist der Franzose unter uns Germanen. In der Bretagne geboren, hat es ihn aus beruflichen Gr\u00fcnden nach Belgien verschlagen, bevor er endg\u00fcltig in Deutschland gelandet ist.\u00a0Musikalisch ist er ein \u201eSp\u00e4tberufener\u201c. Umso bemerkenswerter ist seine Virtuosit\u00e4t und sein sonoriger Sound auf dem Tenorsaxofon. Seine Affinit\u00e4t zu Latin-Jazz bringt immer wieder\u00a0neue Impulse in die Musik von Bridgeless.<\/div><\/div>\n<\/div><div class=\"su-row\">\n<div class=\"su-column su-column-size-1-2\"><div class=\"su-column-inner su-u-clearfix su-u-trim\"><img loading=\"lazy\" decoding=\"async\" class=\"size-full wp-image-205 alignleft\" src=\"https:\/\/bridgeless.net\/wordpress\/wp-content\/uploads\/2016\/09\/Drums.jpg\" alt=\"Drums\" width=\"150\" height=\"150\" \/><strong>Thomas Moia &#8211; Schlagzeug<\/strong><br \/>\nBegann bereits in jungen Jahren Schlagzeug zu spielen. Zun\u00e4chst Unterricht in MG bei Phillip Krebs, Nicki Gebhard, im Anschluss Masterclasses bei Dom Formularo und Steve Smith.\u00a0In den folgenden Jahren regelm\u00e4\u00dfiger Unterricht bei Guido J\u00f6ris, Jan Rohlfing, Christian Tourney, Robert Hurasky und Ron van Stratum.\u00a0Zu meinen gr\u00f6\u00dften musikalischen Inspiratoren geh\u00f6ren: John Scofield, Mike Stern, Pat Metheny, Miles Davis, Wayne Shorter, Donald Fagen, Walter Brecker und nat\u00fcrlich jeder Ihrer\u00a0herrausragenden Schlagzeuger.\u00a0Nach mehr als 10j\u00e4hriger privater Lehrt\u00e4tigkeit und Dozent an diversen Musikschulen, heute Leiter der Musikschule \u201eMusicArt-Kempen\u201c. <a href=\"http:\/\/thomasmoia.de\">www.thomasmoia.de<\/a><\/div><\/div><div class=\"su-column su-column-size-1-2\"><div class=\"su-column-inner su-u-clearfix su-u-trim\"><img loading=\"lazy\" decoding=\"async\" class=\"size-full wp-image-210 alignleft\" src=\"https:\/\/bridgeless.net\/wordpress\/wp-content\/uploads\/2016\/09\/Trumpet.jpg\" alt=\"Trumpet\" width=\"150\" height=\"150\" \/><strong>Markus Grimm &#8211; Trompete<\/strong><br \/>\nMit 12 Trompete im klassischen deutschen Blasorchster erlernt. Sp\u00e4ter musisches Gymnasium, Berufsfachschule f\u00fcr Musik, klassisches Saxophon Studium in N\u00fcrnberg und Wien, Zeitsoldat beim Heeresmusikkorps. Zwischenzeitlich Mitwirkung in Musikgruppen aller Art: Big Band, Soul, Fusion, Reggae (u.a. \u00bbDub Invaders\u00ab Deutschlandtournee mit UB40). Lange musikalische Kreativpause. Im Dezember 2009 dann die Wende: ein Auftritt von Michael Bubl\u00e9 mit Big Band erweckte den Wunsch, wieder musikalisch t\u00e4tig zu werden. Seither wieder voll im Einsatz und bei einigen Bands t\u00e4tig. Bei Bridgeless wird \u00fcbrigens neben der geliebten Trompete auch manchmal ein Saxophon rausgekramt.<br \/>\n<\/div><\/div>\n<\/div><\/div>\n","protected":false},"excerpt":{"rendered":"","protected":false},"author":1,"featured_media":0,"parent":0,"menu_order":0,"comment_status":"closed","ping_status":"closed","template":"page-templates\/front-page.php","meta":{"footnotes":""},"class_list":["post-14","page","type-page","status-publish","hentry"],"_links":{"self":[{"href":"https:\/\/bridgeless.net\/wordpress\/index.php?rest_route=\/wp\/v2\/pages\/14","targetHints":{"allow":["GET"]}}],"collection":[{"href":"https:\/\/bridgeless.net\/wordpress\/index.php?rest_route=\/wp\/v2\/pages"}],"about":[{"href":"https:\/\/bridgeless.net\/wordpress\/index.php?rest_route=\/wp\/v2\/types\/page"}],"author":[{"embeddable":true,"href":"https:\/\/bridgeless.net\/wordpress\/index.php?rest_route=\/wp\/v2\/users\/1"}],"replies":[{"embeddable":true,"href":"https:\/\/bridgeless.net\/wordpress\/index.php?rest_route=%2Fwp%2Fv2%2Fcomments&post=14"}],"version-history":[{"count":105,"href":"https:\/\/bridgeless.net\/wordpress\/index.php?rest_route=\/wp\/v2\/pages\/14\/revisions"}],"predecessor-version":[{"id":325,"href":"https:\/\/bridgeless.net\/wordpress\/index.php?rest_route=\/wp\/v2\/pages\/14\/revisions\/325"}],"wp:attachment":[{"href":"https:\/\/bridgeless.net\/wordpress\/index.php?rest_route=%2Fwp%2Fv2%2Fmedia&parent=14"}],"curies":[{"name":"wp","href":"https:\/\/api.w.org\/{rel}","templated":true}]}}